{"id":7834,"date":"2022-12-03T14:43:03","date_gmt":"2022-12-03T14:43:03","guid":{"rendered":"https:\/\/www.takamul.mr\/create-an-integration\/"},"modified":"2022-12-22T11:29:02","modified_gmt":"2022-12-22T11:29:02","slug":"takamul-creation","status":"publish","type":"page","link":"https:\/\/www.takamul.mr\/en\/takamul-creation\/","title":{"rendered":"Takamul Creation"},"content":{"rendered":"\t\t<div data-elementor-type=\"wp-page\" data-elementor-id=\"7834\" class=\"elementor elementor-7834 elementor-7829\">\n\t\t\t\t        <section class=\"elementor-section elementor-top-section elementor-element elementor-element-f1a1af3 elementor-section-content-middle envato-kit-141-top-0 elementor-section-boxed elementor-section-height-default elementor-section-height-default ct-header-fixed-none ct-row-max-none\" data-id=\"f1a1af3\" data-element_type=\"section\" data-settings=\"{&quot;background_background&quot;:&quot;classic&quot;}\">\n                            <div class=\"elementor-background-overlay\"><\/div>\n                \n                        <div class=\"elementor-container elementor-column-gap-wide \">\n                            <div class=\"elementor-row\">\n                    <div class=\"elementor-column elementor-col-100 elementor-top-column elementor-element elementor-element-41b20345\" data-id=\"41b20345\" data-element_type=\"column\">\n            <div class=\"elementor-column-wrap elementor-element-populated\">\n                            <div class=\"elementor-widget-wrap\">\n                        <section class=\"elementor-section elementor-inner-section elementor-element elementor-element-9e90828 elementor-section-boxed elementor-section-height-default elementor-section-height-default ct-header-fixed-none ct-row-max-none\" data-id=\"9e90828\" data-element_type=\"section\">\n            \n                        <div class=\"elementor-container elementor-column-gap-no \">\n                            <div class=\"elementor-row\">\n                    <div class=\"elementor-column elementor-col-100 elementor-inner-column elementor-element elementor-element-36a40209\" data-id=\"36a40209\" data-element_type=\"column\">\n            <div class=\"elementor-column-wrap elementor-element-populated\">\n                            <div class=\"elementor-widget-wrap\">\n                \t\t<div class=\"elementor-element elementor-element-75fb466a elementor-widget elementor-widget-text-editor\" data-id=\"75fb466a\" data-element_type=\"widget\" data-widget_type=\"text-editor.default\">\n\t\t\t\t<div class=\"elementor-widget-container\">\n\t\t\t\t\t\t\t\t\t<div><span style=\"font-family: Verdana, Arial, Helvetica, sans-serif; font-size: small;\">The Saudi Basic Industries Corporation (SABIC) and Soci\u00e9t\u00e9 Nationale Industrielle et Mini\u00e8re (SNIM &#8211; Mauritania) entered into a Joint Venture Agreement on September 13, 2012 to undertake the exploration and development of the Atomai iron ore deposits located in the SNIM mining permit area.<\/span><\/div><div><span style=\"font-family: Verdana, Arial, Helvetica, sans-serif; font-size: small;\">The objectives of the Joint Venture are:<\/span><\/div><div><span style=\"font-family: Verdana, Arial, Helvetica, sans-serif; font-size: small;\">&#8211; The exploration, development and exploitation of the iron ore deposits located in the Atomai area in Mauritania<\/span><\/div><div><span style=\"font-family: Verdana, Arial, Helvetica, sans-serif; font-size: small;\">&#8211; The production and export of High-Grade Direct Reduction Pellets (HGDRP)<\/span><\/div><div><span style=\"font-family: Verdana, Arial, Helvetica, sans-serif; font-size: small;\">&#8211; Participation in the development of Direct Reduced iron and other Steel product making facilities and other investments in Mauritania<\/span><\/div><div><span style=\"font-family: Verdana, Arial, Helvetica, sans-serif; font-size: small;\">Following the JV Agreement recommendations, SNIM and SABIC on December 12, 2012, as shareholders, created and incorporated a privately-owned company in equal shares (50 % &#8211; 50 %), named \u201cMauritania Saudi Mining and Steel Company (known as \u201cTakamul\u201d) to undertake exploration, development and exploitation of the Atomai iron ore deposits.\u00a0<\/span><span style=\"font-size: medium;\">Thus, 23th September 2013 is the start up of the project.<\/span><\/div><div><span style=\"font-family: Verdana,Arial,Helvetica,sans-serif; font-size: small;\"><span style=\"font-family: Verdana, Arial, Helvetica, sans-serif; font-size: small;\">On June 14, 2021, and in concordance with the provisions of the JV Agreement, SABIC Mining B.V. transferred\u00a0 all of its shares and equity interest in TAKAMUL to its subsidiary Saudi Iron and Steel Company (HADEED).\u00a0<\/span><\/span><\/div>\t\t\t\t\t\t\t\t<\/div>\n\t\t\t\t<\/div>\n\t\t                <\/div>\n                    <\/div>\n        <\/div>\n                                <\/div>\n                    <\/div>\n        <\/section>\n                        <\/div>\n                    <\/div>\n        <\/div>\n                                <\/div>\n                    <\/div>\n        <\/section>\n        \t\t<\/div>\n\t\t","protected":false},"excerpt":{"rendered":"<p>The Saudi Basic Industries Corporation (SABIC) and Soci\u00e9t\u00e9 Nationale Industrielle et Mini\u00e8re (SNIM &#8211; Mauritania) entered into a Joint Venture Agreement on September 13, 2012 to undertake the exploration and development of the Atomai iron ore deposits located in the SNIM mining permit area.The objectives of the Joint Venture are:- The exploration, development and exploitation [&hellip;]<\/p>\n","protected":false},"author":1,"featured_media":0,"parent":0,"menu_order":0,"comment_status":"closed","ping_status":"closed","template":"","meta":{"om_disable_all_campaigns":false,"footnotes":""},"class_list":["post-7834","page","type-page","status-publish","hentry"],"jetpack_sharing_enabled":true,"_links":{"self":[{"href":"https:\/\/www.takamul.mr\/en\/wp-json\/wp\/v2\/pages\/7834","targetHints":{"allow":["GET"]}}],"collection":[{"href":"https:\/\/www.takamul.mr\/en\/wp-json\/wp\/v2\/pages"}],"about":[{"href":"https:\/\/www.takamul.mr\/en\/wp-json\/wp\/v2\/types\/page"}],"author":[{"embeddable":true,"href":"https:\/\/www.takamul.mr\/en\/wp-json\/wp\/v2\/users\/1"}],"replies":[{"embeddable":true,"href":"https:\/\/www.takamul.mr\/en\/wp-json\/wp\/v2\/comments?post=7834"}],"version-history":[{"count":12,"href":"https:\/\/www.takamul.mr\/en\/wp-json\/wp\/v2\/pages\/7834\/revisions"}],"predecessor-version":[{"id":8928,"href":"https:\/\/www.takamul.mr\/en\/wp-json\/wp\/v2\/pages\/7834\/revisions\/8928"}],"wp:attachment":[{"href":"https:\/\/www.takamul.mr\/en\/wp-json\/wp\/v2\/media?parent=7834"}],"curies":[{"name":"wp","href":"https:\/\/api.w.org\/{rel}","templated":true}]}}