{"id":8040,"date":"2022-12-04T11:04:07","date_gmt":"2022-12-04T11:04:07","guid":{"rendered":"https:\/\/www.takamul.mr\/exploration\/"},"modified":"2022-12-27T09:29:39","modified_gmt":"2022-12-27T09:29:39","slug":"exploration","status":"publish","type":"page","link":"https:\/\/www.takamul.mr\/en\/exploration\/","title":{"rendered":"Exploration"},"content":{"rendered":"\t\t<div data-elementor-type=\"wp-page\" data-elementor-id=\"8040\" class=\"elementor elementor-8040 elementor-8038\">\n\t\t\t\t        <section class=\"elementor-section elementor-top-section elementor-element elementor-element-5963d602 elementor-section-content-middle envato-kit-141-top-0 elementor-section-boxed elementor-section-height-default elementor-section-height-default ct-header-fixed-none ct-row-max-none\" data-id=\"5963d602\" data-element_type=\"section\" data-settings=\"{&quot;background_background&quot;:&quot;classic&quot;}\">\n                            <div class=\"elementor-background-overlay\"><\/div>\n                \n                        <div class=\"elementor-container elementor-column-gap-wide \">\n                            <div class=\"elementor-row\">\n                    <div class=\"elementor-column elementor-col-100 elementor-top-column elementor-element elementor-element-2848b461\" data-id=\"2848b461\" data-element_type=\"column\">\n            <div class=\"elementor-column-wrap elementor-element-populated\">\n                            <div class=\"elementor-widget-wrap\">\n                        <section class=\"elementor-section elementor-inner-section elementor-element elementor-element-64697fc6 elementor-section-boxed elementor-section-height-default elementor-section-height-default ct-header-fixed-none ct-row-max-none\" data-id=\"64697fc6\" data-element_type=\"section\">\n            \n                        <div class=\"elementor-container elementor-column-gap-no \">\n                            <div class=\"elementor-row\">\n                    <div class=\"elementor-column elementor-col-100 elementor-inner-column elementor-element elementor-element-79c78792\" data-id=\"79c78792\" data-element_type=\"column\">\n            <div class=\"elementor-column-wrap elementor-element-populated\">\n                            <div class=\"elementor-widget-wrap\">\n                \t\t<div class=\"elementor-element elementor-element-1d6708e1 elementor-widget elementor-widget-text-editor\" data-id=\"1d6708e1\" data-element_type=\"widget\" data-widget_type=\"text-editor.default\">\n\t\t\t\t<div class=\"elementor-widget-container\">\n\t\t\t\t\t\t\t\t\t<div><p><span lang=\"EN-AU\">The first significant field investigations were conducted by SNIM (Soci\u00e9t\u00e9 Nationale Industrielle et Mini\u00e8re de Mauritanie) in 1968 to investigate outcropping iron formations at <\/span><span lang=\"EN-AU\">Atomai<\/span><span lang=\"EN-AU\">. In 1979, the (BRGM) documented the local-scale geology of the <\/span><span lang=\"EN-AU\">Atomai <\/span><span lang=\"EN-AU\">region, describing the nature of the Ijil iron formations in detail using the data collected by SNIM. After a long hiatus of exploration, SNIM conducted exploratory drilling in 2000 to investigate continuity of mineralisation at depth, focusing on the hematite portion of the deposit.<\/span><\/p><p><span lang=\"EN-AU\">Since 2013, the <\/span><span lang=\"EN-AU\">Atomai <\/span><span lang=\"EN-AU\">deposit has been explored by Takamul, comprising of significant resource drilling, scoping studies and work undertaken for feasibility study.<\/span><\/p><p><span lang=\"EN-AU\">Most drilling at <\/span><span lang=\"EN-AU\">Atomai<\/span><span lang=\"EN-AU\"> has been undertaken using Reverse Circulation (RC) and Diamond drill-hole (DDH) drilling methods. Apart from some limited historical drilling, almost all drilling has been conducted since 2013, marking the commencement of the Takamul JV. Drill core diameter is predominantly NQ2, with minor amounts of HQ and PQ (for metallurgy) diameter drilling.<\/span><\/p><p><span lang=\"EN-AU\">Drill hole locations have been collected in the UTM Zone\u00a028 coordinate system, using the WGS84 datum. Prior to June 2015, all surveys were taken in the Clark1880 datum style, which have subsequently been converted to WGS84. Drill hole locations were confirmed by a LiDAR survey.<\/span><\/p><\/div>\t\t\t\t\t\t\t\t<\/div>\n\t\t\t\t<\/div>\n\t\t                <\/div>\n                    <\/div>\n        <\/div>\n                                <\/div>\n                    <\/div>\n        <\/section>\n                        <\/div>\n                    <\/div>\n        <\/div>\n                                <\/div>\n                    <\/div>\n        <\/section>\n        \t\t<\/div>\n\t\t","protected":false},"excerpt":{"rendered":"<p>The first significant field investigations were conducted by SNIM (Soci\u00e9t\u00e9 Nationale Industrielle et Mini\u00e8re de Mauritanie) in 1968 to investigate outcropping iron formations at Atomai. In 1979, the (BRGM) documented the local-scale geology of the Atomai region, describing the nature of the Ijil iron formations in detail using the data collected by SNIM. After a [&hellip;]<\/p>\n","protected":false},"author":1,"featured_media":0,"parent":0,"menu_order":0,"comment_status":"closed","ping_status":"closed","template":"","meta":{"om_disable_all_campaigns":false,"footnotes":""},"class_list":["post-8040","page","type-page","status-publish","hentry"],"jetpack_sharing_enabled":true,"_links":{"self":[{"href":"https:\/\/www.takamul.mr\/en\/wp-json\/wp\/v2\/pages\/8040","targetHints":{"allow":["GET"]}}],"collection":[{"href":"https:\/\/www.takamul.mr\/en\/wp-json\/wp\/v2\/pages"}],"about":[{"href":"https:\/\/www.takamul.mr\/en\/wp-json\/wp\/v2\/types\/page"}],"author":[{"embeddable":true,"href":"https:\/\/www.takamul.mr\/en\/wp-json\/wp\/v2\/users\/1"}],"replies":[{"embeddable":true,"href":"https:\/\/www.takamul.mr\/en\/wp-json\/wp\/v2\/comments?post=8040"}],"version-history":[{"count":22,"href":"https:\/\/www.takamul.mr\/en\/wp-json\/wp\/v2\/pages\/8040\/revisions"}],"predecessor-version":[{"id":9487,"href":"https:\/\/www.takamul.mr\/en\/wp-json\/wp\/v2\/pages\/8040\/revisions\/9487"}],"wp:attachment":[{"href":"https:\/\/www.takamul.mr\/en\/wp-json\/wp\/v2\/media?parent=8040"}],"curies":[{"name":"wp","href":"https:\/\/api.w.org\/{rel}","templated":true}]}}