{"id":6538,"date":"2019-10-29T10:04:28","date_gmt":"2019-10-29T06:04:28","guid":{"rendered":"https:\/\/www.takamul.mr\/page-principale\/"},"modified":"2022-12-25T12:23:29","modified_gmt":"2022-12-25T12:23:29","slug":"page-principale","status":"publish","type":"page","link":"https:\/\/www.takamul.mr\/fr\/","title":{"rendered":"page principale"},"content":{"rendered":"<p>\n\t\t\t<!-- START fr REVOLUTION SLIDER 6.7.18 --><p class=\"rs-p-wp-fix\"><\/p>\n\t\t\t<rs-module-wrap id=\"rev_slider_2_1_wrapper\" data-source=\"gallery\" style=\"visibility:hidden;background:transparent;padding:0;margin:0px auto;margin-top:0;margin-bottom:0;\">\n\t\t\t\t<rs-module id=\"rev_slider_2_1\" style=\"\" data-version=\"6.7.18\">\n\t\t\t\t\t<rs-slides style=\"overflow: hidden; position: absolute;\">\n\t\t\t\t\t\t<rs-slide style=\"position: absolute;\" data-key=\"rs-4\" data-title=\"Takamul 1\" data-thumb=\"\/\/www.takamul.mr\/wp-content\/uploads\/2022\/04\/ta1-50x100.jpg\" data-anim=\"adpr:false;\" data-in=\"o:0;\" data-out=\"a:false;\">\n\t\t\t\t\t\t\t<img fetchpriority=\"high\" decoding=\"async\" src=\"\/\/www.takamul.mr\/wp-content\/plugins\/revslider\/sr6\/assets\/assets\/dummy.png\" alt=\"\" title=\"ta1\" width=\"1920\" height=\"650\" class=\"rev-slidebg tp-rs-img rs-lazyload\" data-lazyload=\"\/\/www.takamul.mr\/wp-content\/uploads\/2022\/04\/ta1.jpg\" data-panzoom=\"d:10000;ss:100;se:110%;\" data-no-retina>\n<!--\n\t\t\t\t\t\t\t--><rs-layer\n\t\t\t\t\t\t\t\tid=\"slider-2-slide-4-layer-1\" \n\t\t\t\t\t\t\t\tclass=\"title-space-bottom\"\n\t\t\t\t\t\t\t\tdata-type=\"text\"\n\t\t\t\t\t\t\t\tdata-color=\"#1d1b4c\"\n\t\t\t\t\t\t\t\tdata-xy=\"x:c;xo:0,14px,0,-9px;y:m;yo:-93px,-92px,-67px,-73px;\"\n\t\t\t\t\t\t\t\tdata-text=\"w:normal;s:64,64,66,44;l:78,78,84,54;fw:700;a:center;\"\n\t\t\t\t\t\t\t\tdata-dim=\"w:837px,641px,736px,427px;h:249px,249px,273px,179px;\"\n\t\t\t\t\t\t\t\tdata-rsp_o=\"off\"\n\t\t\t\t\t\t\t\tdata-rsp_bd=\"off\"\n\t\t\t\t\t\t\t\tdata-frame_0=\"x:100%;\"\n\t\t\t\t\t\t\t\tdata-frame_0_mask=\"u:t;\"\n\t\t\t\t\t\t\t\tdata-frame_1=\"st:800;sp:1200;sR:800;\"\n\t\t\t\t\t\t\t\tdata-frame_1_mask=\"u:t;\"\n\t\t\t\t\t\t\t\tdata-frame_999=\"o:0;st:w;sR:7000;\"\n\t\t\t\t\t\t\t\tstyle=\"z-index:6;font-family:'Poppins';\"\n\t\t\t\t\t\t\t>Le d\u00e9veloppement durable Marque <span class=\"text-shadow-preset1\">pionni\u00e8re<\/span> \n\t\t\t\t\t\t\t<\/rs-layer><!--\n\n\t\t\t\t\t\t\t--><a\n\t\t\t\t\t\t\t\tid=\"slider-2-slide-4-layer-3\" \n\t\t\t\t\t\t\t\tclass=\"rs-layer rev-btn\"\n\t\t\t\t\t\t\t\thref=\"https:\/\/www.takamul.mr\/fr\/informations-sur-nous\" target=\"_self\" rel=\"nofollow\"\n\t\t\t\t\t\t\t\tdata-type=\"button\"\n\t\t\t\t\t\t\t\tdata-xy=\"x:c;xo:0,0,0,3px;y:t,t,m,m;yo:271px,272px,107px,55px;\"\n\t\t\t\t\t\t\t\tdata-text=\"w:normal;s:16,16,16,14;l:65,65,65,55;fw:700;a:center;\"\n\t\t\t\t\t\t\t\tdata-dim=\"w:348px,348px,348px,245px;minh:0px,none,none,none;\"\n\t\t\t\t\t\t\t\tdata-rsp_o=\"off\"\n\t\t\t\t\t\t\t\tdata-rsp_bd=\"off\"\n\t\t\t\t\t\t\t\tdata-padding=\"r:38,38,28,28;l:38,38,28,28;\"\n\t\t\t\t\t\t\t\tdata-border=\"bor:5px,5px,5px,5px;\"\n\t\t\t\t\t\t\t\tdata-frame_0=\"x:-50;\"\n\t\t\t\t\t\t\t\tdata-frame_1=\"st:1300;sp:1000;sR:1300;\"\n\t\t\t\t\t\t\t\tdata-frame_999=\"o:0;st:w;sR:6700;\"\n\t\t\t\t\t\t\t\tdata-frame_hover=\"c:#1d1b4c;bgc:#46e7a8;bor:5px,5px,5px,5px;sp:200;e:power1.inOut;\"\n\t\t\t\t\t\t\t\tstyle=\"z-index:7;background-color:#1d1b4c;font-family:'Poppins';\"\n\t\t\t\t\t\t\t><i class=\"flaticon-gear icon-space-right\"> <\/i>informations-sur-nous \n\t\t\t\t\t\t\t<\/a><!--\n-->\t\t\t\t\t<\/rs-slide>\n\t\t\t\t\t\t<rs-slide style=\"position: absolute;\" data-key=\"rs-5\" data-title=\"Takamul 2\" data-thumb=\"\/\/www.takamul.mr\/wp-content\/uploads\/2022\/07\/austin-johnson-275715-unsplash-50x100.jpg\" data-in=\"o:0;\" data-out=\"a:false;\">\n\t\t\t\t\t\t\t<img decoding=\"async\" src=\"\/\/www.takamul.mr\/wp-content\/plugins\/revslider\/sr6\/assets\/assets\/dummy.png\" alt=\"\" title=\"austin-johnson-275715-unsplash.jpg\" width=\"1200\" height=\"800\" class=\"rev-slidebg tp-rs-img rs-lazyload\" data-lazyload=\"\/\/www.takamul.mr\/wp-content\/uploads\/2022\/07\/austin-johnson-275715-unsplash.jpg\" data-panzoom=\"d:10000;ss:110%;se:100%;\" data-no-retina>\n<!--\n\t\t\t\t\t\t\t--><rs-group\n\t\t\t\t\t\t\t\tid=\"slider-2-slide-5-layer-0\" \n\t\t\t\t\t\t\t\tdata-type=\"group\"\n\t\t\t\t\t\t\t\tdata-xy=\"x:c,c,r,c;xo:-13px,-13px,20px,0;y:m;yo:-69px,-69px,0,-53px;\"\n\t\t\t\t\t\t\t\tdata-text=\"w:normal;s:20,16,12,7;l:0,20,15,9;a:center;\"\n\t\t\t\t\t\t\t\tdata-dim=\"w:806px,806px,480px,480px;h:258px,258px,236px,217px;\"\n\t\t\t\t\t\t\t\tdata-rsp_bd=\"off\"\n\t\t\t\t\t\t\t\tdata-column=\"a:middle;\"\n\t\t\t\t\t\t\t\tdata-frame_0=\"o:1;\"\n\t\t\t\t\t\t\t\tdata-frame_999=\"o:0;st:w;sR:8700;sA:9000;\"\n\t\t\t\t\t\t\t\tstyle=\"z-index:6;\"\n\t\t\t\t\t\t\t><!--\n\t\t\t\t\t\t\t\t--><rs-layer\n\t\t\t\t\t\t\t\t\tid=\"slider-2-slide-5-layer-1\" \n\t\t\t\t\t\t\t\t\tclass=\"title-space-bottom\"\n\t\t\t\t\t\t\t\t\tdata-type=\"text\"\n\t\t\t\t\t\t\t\t\tdata-color=\"#ffcc00\"\n\t\t\t\t\t\t\t\t\tdata-xy=\"x:c;yo:9px;\"\n\t\t\t\t\t\t\t\t\tdata-pos=\"a\"\n\t\t\t\t\t\t\t\t\tdata-text=\"w:normal;s:70,70,38,45;l:84,84,48,56;fw:700;a:center;\"\n\t\t\t\t\t\t\t\t\tdata-dim=\"w:775,775,460px,450px;\"\n\t\t\t\t\t\t\t\t\tdata-rsp_o=\"off\"\n\t\t\t\t\t\t\t\t\tdata-rsp_bd=\"off\"\n\t\t\t\t\t\t\t\t\tdata-frame_0=\"x:100%;\"\n\t\t\t\t\t\t\t\t\tdata-frame_0_mask=\"u:t;\"\n\t\t\t\t\t\t\t\t\tdata-frame_1=\"st:800;sp:1200;sR:800;\"\n\t\t\t\t\t\t\t\t\tdata-frame_1_mask=\"u:t;\"\n\t\t\t\t\t\t\t\t\tdata-frame_999=\"o:0;st:w;sR:7000;\"\n\t\t\t\t\t\t\t\t\tstyle=\"z-index:7;font-family:'Cairo';\"\n\t\t\t\t\t\t\t\t>Mauritania Saudi Mining and Steel Company S.A \n\t\t\t\t\t\t\t\t<\/rs-layer><!--\n\n\t\t\t\t\t\t\t\t--><a\n\t\t\t\t\t\t\t\t\tid=\"slider-2-slide-5-layer-3\" \n\t\t\t\t\t\t\t\t\tclass=\"rs-layer rev-btn\"\n\t\t\t\t\t\t\t\t\thref=\"https:\/\/www.takamul.mr\/en\/about-us\" target=\"_self\" rel=\"nofollow\"\n\t\t\t\t\t\t\t\t\tdata-type=\"button\"\n\t\t\t\t\t\t\t\t\tdata-xy=\"x:c;xo:30px,30px,30px,-1px;y:m;yo:92px,92px,92px,75px;\"\n\t\t\t\t\t\t\t\t\tdata-pos=\"a\"\n\t\t\t\t\t\t\t\t\tdata-text=\"w:normal;s:15,15,15,14;l:58,58,58,55;fw:700;\"\n\t\t\t\t\t\t\t\t\tdata-dim=\"minh:0,none,none,none;\"\n\t\t\t\t\t\t\t\t\tdata-rsp_o=\"off\"\n\t\t\t\t\t\t\t\t\tdata-rsp_bd=\"off\"\n\t\t\t\t\t\t\t\t\tdata-padding=\"r:33,33,28,28;l:33,33,28,28;\"\n\t\t\t\t\t\t\t\t\tdata-border=\"bor:5px,5px,5px,5px;\"\n\t\t\t\t\t\t\t\t\tdata-frame_0=\"x:-43px;\"\n\t\t\t\t\t\t\t\t\tdata-frame_1=\"st:1300;sp:1000;sR:1300;\"\n\t\t\t\t\t\t\t\t\tdata-frame_999=\"o:0;st:w;sR:6700;\"\n\t\t\t\t\t\t\t\t\tdata-frame_hover=\"c:#1d1b4c;bgc:#46e7a8;bor:5px,5px,5px,5px;sp:200;e:power1.inOut;\"\n\t\t\t\t\t\t\t\t\tstyle=\"z-index:6;background-color:#1d1b4c;font-family:'Poppins';\"\n\t\t\t\t\t\t\t\t><i class=\"flaticon-gear icon-space-right\"><\/i> About us \n\t\t\t\t\t\t\t\t<\/a><!--\n\t\t\t\t\t\t\t--><\/rs-group><!--\n-->\t\t\t\t\t<\/rs-slide>\n\t\t\t\t\t\t<rs-slide style=\"position: absolute;\" data-key=\"rs-6\" data-title=\"Takamul 3\" data-thumb=\"\/\/www.takamul.mr\/wp-content\/uploads\/2022\/05\/ta3-50x100.jpg\" data-in=\"o:0;\" data-out=\"a:false;\">\n\t\t\t\t\t\t\t<img decoding=\"async\" src=\"\/\/www.takamul.mr\/wp-content\/plugins\/revslider\/sr6\/assets\/assets\/dummy.png\" alt=\"\" title=\"ta3\" width=\"1920\" height=\"650\" class=\"rev-slidebg tp-rs-img rs-lazyload\" data-lazyload=\"\/\/www.takamul.mr\/wp-content\/uploads\/2022\/05\/ta3.jpg\" data-panzoom=\"d:10000;ss:100;se:110%;\" data-no-retina>\n<!--\n\t\t\t\t\t\t\t--><rs-group\n\t\t\t\t\t\t\t\tid=\"slider-2-slide-6-layer-0\" \n\t\t\t\t\t\t\t\tdata-type=\"group\"\n\t\t\t\t\t\t\t\tdata-xy=\"x:c,c,r,r;xo:-24px,-24px,20px,0;y:m;yo:-78px,-78px,0,-24px;\"\n\t\t\t\t\t\t\t\tdata-text=\"w:normal;s:20,16,12,7;l:0,20,15,9;\"\n\t\t\t\t\t\t\t\tdata-dim=\"w:1001px,1001px,480px,480px;h:278px,278px,236px,276px;\"\n\t\t\t\t\t\t\t\tdata-rsp_bd=\"off\"\n\t\t\t\t\t\t\t\tdata-frame_0=\"o:1;\"\n\t\t\t\t\t\t\t\tdata-frame_999=\"o:0;st:w;sR:8700;sA:9000;\"\n\t\t\t\t\t\t\t\tstyle=\"z-index:12;\"\n\t\t\t\t\t\t\t><!--\n\t\t\t\t\t\t\t\t--><a\n\t\t\t\t\t\t\t\t\tid=\"slider-2-slide-6-layer-3\" \n\t\t\t\t\t\t\t\t\tclass=\"rs-layer rev-btn\"\n\t\t\t\t\t\t\t\t\thref=\"https:\/\/www.takamul.mr\/%d9%85%d8%b9%d9%84%d9%88%d9%85%d8%a7%d8%aa-%d8%b9%d9%86%d8%a7\" target=\"_self\" rel=\"nofollow\"\n\t\t\t\t\t\t\t\t\tdata-type=\"button\"\n\t\t\t\t\t\t\t\t\tdata-xy=\"x:c;y:b;yo:47px,47px,47px,8px;\"\n\t\t\t\t\t\t\t\t\tdata-pos=\"a\"\n\t\t\t\t\t\t\t\t\tdata-text=\"w:normal;s:16,16,16,14;l:65,65,65,55;fw:700;a:center;\"\n\t\t\t\t\t\t\t\t\tdata-dim=\"minh:0px,none,none,none;\"\n\t\t\t\t\t\t\t\t\tdata-rsp_o=\"off\"\n\t\t\t\t\t\t\t\t\tdata-rsp_bd=\"off\"\n\t\t\t\t\t\t\t\t\tdata-padding=\"r:38,38,28,28;l:38,38,28,28;\"\n\t\t\t\t\t\t\t\t\tdata-border=\"bor:5px,5px,5px,5px;\"\n\t\t\t\t\t\t\t\t\tdata-frame_0=\"x:-50;\"\n\t\t\t\t\t\t\t\t\tdata-frame_1=\"st:1300;sp:1000;sR:1300;\"\n\t\t\t\t\t\t\t\t\tdata-frame_999=\"o:0;st:w;sR:6700;\"\n\t\t\t\t\t\t\t\t\tdata-frame_hover=\"c:#1d1b4c;bgc:#46e7a8;bor:5px,5px,5px,5px;sp:200;e:power1.inOut;\"\n\t\t\t\t\t\t\t\t\tstyle=\"z-index:10;background-color:#1d1b4c;font-family:'Poppins';\"\n\t\t\t\t\t\t\t\t><i class=\"flaticon-gear icon-space-right\"><\/i> \u0645\u0639\u0644\u0648\u0645\u0627\u062a \u0639\u0646\u0627 \n\t\t\t\t\t\t\t\t<\/a><!--\n\n\t\t\t\t\t\t\t\t--><rs-layer\n\t\t\t\t\t\t\t\t\tid=\"slider-2-slide-6-layer-1\" \n\t\t\t\t\t\t\t\t\tclass=\"title-space-bottom\"\n\t\t\t\t\t\t\t\t\tdata-type=\"text\"\n\t\t\t\t\t\t\t\t\tdata-color=\"#1d1b4c\"\n\t\t\t\t\t\t\t\t\tdata-xy=\"x:c;xo:-2px,-2px,-2px,5px;y:m;yo:-60px,-60px,-60px,-59px;\"\n\t\t\t\t\t\t\t\t\tdata-pos=\"a\"\n\t\t\t\t\t\t\t\t\tdata-text=\"w:normal;s:90,90,38,45;l:108,108,48,56;fw:700;a:center;\"\n\t\t\t\t\t\t\t\t\tdata-dim=\"w:983,983,460px,421px;h:139,139,139,126px;\"\n\t\t\t\t\t\t\t\t\tdata-rsp_o=\"off\"\n\t\t\t\t\t\t\t\t\tdata-rsp_bd=\"off\"\n\t\t\t\t\t\t\t\t\tdata-frame_0=\"x:100%;\"\n\t\t\t\t\t\t\t\t\tdata-frame_0_mask=\"u:t;\"\n\t\t\t\t\t\t\t\t\tdata-frame_1=\"st:800;sp:1200;sR:800;\"\n\t\t\t\t\t\t\t\t\tdata-frame_1_mask=\"u:t;\"\n\t\t\t\t\t\t\t\t\tdata-frame_999=\"o:0;st:w;sR:7000;\"\n\t\t\t\t\t\t\t\t\tstyle=\"z-index:8;font-family:'Cairo';\"\n\t\t\t\t\t\t\t\t>\u0646\u062d\u0648 \u0639\u0645\u0644\u0627\u0642 \u062a\u0639\u062f\u064a\u0646 \u0639\u0627\u0644\u0645\u064a \n\t\t\t\t\t\t\t\t<\/rs-layer><!--\n\t\t\t\t\t\t\t--><\/rs-group><!--\n-->\t\t\t\t\t<\/rs-slide>\n\t\t\t\t\t<\/rs-slides>\n\t\t\t\t<\/rs-module>\n\t\t\t\t<script>\n\t\t\t\t\tsetREVStartSize({c: 'rev_slider_2_1',rl:[1240,1024,778,480],el:[450,450,480,380],gw:[1230,1024,778,480],gh:[450,450,380,380],type:'standard',justify:'',layout:'fullwidth',mh:\"0\"});if (window.RS_MODULES!==undefined && window.RS_MODULES.modules!==undefined && window.RS_MODULES.modules[\"revslider21\"]!==undefined) {window.RS_MODULES.modules[\"revslider21\"].once = false;window.revapi2 = undefined;if (window.RS_MODULES.checkMinimal!==undefined) window.RS_MODULES.checkMinimal()}\n\t\t\t\t<\/script>\n\t\t\t<\/rs-module-wrap>\n\t\t\t<!-- END REVOLUTION SLIDER -->\n<br \/>\n                        <img loading=\"lazy\" decoding=\"async\" width=\"204\" height=\"110\" src=\"https:\/\/takamul.mrwp-content\/uploads\/2022\/05\/logo222.png\" alt=\"\" \/>            \t\t<\/p>\n<p>\u00a0\u0623\u064f\u0646\u0634\u0626\u062a \u0627\u0644\u0645\u0648\u0631\u064a\u062a\u0627\u0646\u064a\u0629 \u0627\u0644\u0633\u0639\u0648\u062f\u064a\u0629 \u0644\u0644\u0645\u0639\u0627\u062f\u0646 \u0648\u0627\u0644\u0635\u0644\u0628 (\u062a\u0643\u0627\u0645\u0644 \u2013 \u0634\u0631\u0643\u0629 \u0630\u0627\u062a \u0645\u0633\u0624\u0648\u0644\u064a\u0629 \u0645\u062d\u062f\u0648\u062f\u0629)\u060c \u0643\u0645\u0634\u0631\u0648\u0639 \u0645\u0634\u062a\u0631\u0643 \u0628\u064a\u0646 \u0627\u0644\u0634\u0631\u0643\u0629 \u0627\u0644\u0633\u0639\u0648\u062f\u064a\u0629 \u0644\u0644\u0635\u0646\u0627\u0639\u0627\u062a \u0627\u0644\u0623\u0633\u0627\u0633\u064a\u0629 (\u0633\u0627\u0628\u0643)\u060c \u0648\u0627\u0644\u0634\u0631\u0643\u0629 \u0627\u0644\u0645\u0648\u0631\u064a\u062a\u0627\u0646\u064a\u0629 \u0644\u0644\u0635\u0646\u0627\u0639\u0629 \u0648\u0627\u0644\u0645\u0646\u0627\u062c\u0645 (\u0633\u0646\u064a\u0645) \u0641\u064a 12 \u062f\u064a\u0633\u0645\u0628\u0631 \u2013 \u0643\u0627\u0646\u0648\u0646 \u0627\u0644\u0623\u0648\u0644 2012.<\/p>\n<p>\t\t\t<a href=\"https:\/\/takamul.mrfr\/informations-sur-nous\/\" role=\"button\"><br \/>\n\t\t\t\t\t\t\u0639\u0646 \u062a\u0643\u0627\u0645\u0644<br \/>\n\t\t\t\t\t<\/a><br \/>\n            \u0646\u0647\u0627\u064a\u0629 2016 (\u0627\u0644\u0627\u0633\u062a\u0643\u0634\u0627\u0641)<\/p>\n<ul>\n<li>Pr\u00e9paration du sol<\/li>\n<li>Forage au marteau et au diamant<\/li>\n<li>Pr\u00e9l\u00e8vement et analyse d&#8217;\u00e9chantillons<\/li>\n<li>D\u00e9termination de la carte d&#8217;inventaire, quantit\u00e9 et qualit\u00e9<\/li>\n<li>Etudes hydrologiques et g\u00e9otechniques<\/li>\n<li>\u00c9tude de pr\u00e9faisabilit\u00e9<\/li>\n<li>\u00c9tudier l&#8217;impact environnemental du projet<\/li>\n<\/ul>\n<p>            \u0646\u0647\u0627\u064a\u0629 2017 (\u0635\u0646\u0639 \u0627\u0644\u0642\u0631\u0627\u0631)<\/p>\n<p>Etude de faisabilit\u00e9 \u00e9conomique confirm\u00e9e<\/p>\n<p>En fonction des r\u00e9sultats de l&#8217;\u00e9tape initiale et de ses r\u00e9alisations, la SABIC et la SNIM d\u00e9cideront de la faisabilit\u00e9 de la poursuite du projet et pr\u00e9pareront un plan de construction&nbsp;:<\/p>\n<ul>\n<li>D\u00e9finir un nouveau calendrier de projet<\/li>\n<li>Le nouveau budget du projet<\/li>\n<li>Nouvelle structure fonctionnelle<\/li>\n<\/ul>\n<p>            \u0646\u0647\u0627\u064a\u0629 2021 (\u0639\u0645\u0644\u064a\u0627\u062a \u0627\u0644\u062a\u0639\u062f\u064a\u0646)<\/p>\n<p>D\u00e9veloppement des op\u00e9rations mini\u00e8res et d&#8217;extraction de minerai, qui comprend de nouveaux projets&nbsp;:<\/p>\n<ul>\n<li>manipulation du mat\u00e9riel<\/li>\n<li>usine de granulation<\/li>\n<li>Port<\/li>\n<li>transport ferroviaire <\/li>\n<li>Approvisionnement en eau<\/li>\n<\/ul>\n<link rel=\"stylesheet\" href=\"https:\/\/takamul.mrwp-content\/plugins\/elementor-pro\/assets\/css\/widget-call-to-action.min.css\">\n<h3>\u0627\u0646\u0634\u0627\u0621 \u062a\u0643\u0627\u0645\u0644<\/h3>\n<p>On June 14, 2021, and in concordance with the provisions of the JV Agreement, SABIC Mining B.V.<\/p>\n<p>\t\t\t\t\t<a href=\"https:\/\/takamul.mrfr\/creation-takamul\/\"><br \/>\n\t\t\t\t\t\t\u0627\u0644\u062a\u0641\u0627\u0635\u064a\u0644\t\t\t\t\t<\/a><\/p>\n<h3>\u0627\u0644\u0631\u0624\u064a\u0629 \u0648\u0627\u0644\u0627\u0633\u062a\u0631\u0627\u062a\u064a\u062c\u064a\u0629<\/h3>\n<p>\u062a\u0639\u062a\u0632\u0645 \u0627\u0644\u0634\u0631\u0643\u0629 \u0627\u0644\u0645\u0648\u0631\u064a\u062a\u0627\u0646\u064a\u0629 \u0644\u0644\u0635\u0646\u0627\u0639\u0629 \u0648\u0627\u0644\u0645\u0646\u0627\u062c\u0645 (\u0633\u0646\u064a\u0645) \u0648\u0627\u0644\u0634\u0631\u0643\u0629 \u0627\u0644\u0633\u0639\u0648\u062f\u064a\u0629 \u0644\u0644\u0635\u0646\u0627\u0639\u0627\u062a \u0627\u0644\u0623\u0633\u0627\u0633\u064a\u0629 (\u0633\u0627\u0628\u0643)\u060c \u0628\u0639\u062f \u0627\u0643\u062a\u0645\u0627\u0644 \u0645\u0631\u062d\u0644\u0629 \u0627\u0644\u062a\u0646\u0642\u064a\u0628 \u0648\u062f\u0631\u0627\u0633\u0629<\/p>\n<p>\t\t\t\t\t<a href=\"https:\/\/takamul.mrfr\/vision-strategie\/\"><br \/>\n\t\t\t\t\t\t\u0627\u0644\u062a\u0641\u0627\u0635\u064a\u0644\t\t\t\t\t<\/a><\/p>\n<h3>\u0627\u0644\u0627\u0633\u062a\u062f\u0627\u0645\u0640\u0629<\/h3>\n<p>Public consultations were organized as part of the Atomai Project ESIA. Two consultations were organized by<\/p>\n<p>\t\t\t\t\t<a href=\"https:\/\/takamul.mrfr\/durabilite\/\"><br \/>\n\t\t\t\t\t\t\u0627\u0644\u062a\u0641\u0627\u0635\u064a\u0644\t\t\t\t\t<\/a><br \/>\n                        \u0645\u062f\u0648\u0646\u0629                            <\/p>\n<h1 data-wow-delay=\"ms\">\n            \u0622\u062e\u0631 \u0623\u062e\u0628\u0627\u0631\u0646\u0627<br \/>\n            <\/h1>\n<p>\u062a\u0627\u0628\u0639 \u0622\u062e\u0631 \u0627\u0644\u0623\u062e\u0628\u0627\u0631 \u0627\u0644\u0645\u062a\u0639\u0644\u0642\u0629 \u0628\u0627\u0644\u0634\u0631\u0643\u0629 \u0627\u0644\u0645\u0648\u0631\u064a\u062a\u0627\u0646\u064a\u0629 \u0627\u0644\u0633\u0639\u0648\u062f\u064a\u0629 \u0644\u0644\u0645\u0646\u0627\u062c\u0645 \u0648\u0627\u0644\u0635\u0644\u0628 (\u062a\u0643\u0627\u0645\u0644)<\/p>\n","protected":false},"excerpt":{"rendered":"<p>\u00a0\u0623\u064f\u0646\u0634\u0626\u062a \u0627\u0644\u0645\u0648\u0631\u064a\u062a\u0627\u0646\u064a\u0629 \u0627\u0644\u0633\u0639\u0648\u062f\u064a\u0629 \u0644\u0644\u0645\u0639\u0627\u062f\u0646 \u0648\u0627\u0644\u0635\u0644\u0628 (\u062a\u0643\u0627\u0645\u0644 \u2013 \u0634\u0631\u0643\u0629 \u0630\u0627\u062a \u0645\u0633\u0624\u0648\u0644\u064a\u0629 \u0645\u062d\u062f\u0648\u062f\u0629)\u060c \u0643\u0645\u0634\u0631\u0648\u0639 \u0645\u0634\u062a\u0631\u0643 \u0628\u064a\u0646 \u0627\u0644\u0634\u0631\u0643\u0629 \u0627\u0644\u0633\u0639\u0648\u062f\u064a\u0629 \u0644\u0644\u0635\u0646\u0627\u0639\u0627\u062a \u0627\u0644\u0623\u0633\u0627\u0633\u064a\u0629 (\u0633\u0627\u0628\u0643)\u060c \u0648\u0627\u0644\u0634\u0631\u0643\u0629 \u0627\u0644\u0645\u0648\u0631\u064a\u062a\u0627\u0646\u064a\u0629 \u0644\u0644\u0635\u0646\u0627\u0639\u0629 \u0648\u0627\u0644\u0645\u0646\u0627\u062c\u0645 (\u0633\u0646\u064a\u0645) \u0641\u064a 12 \u062f\u064a\u0633\u0645\u0628\u0631 \u2013 \u0643\u0627\u0646\u0648\u0646 \u0627\u0644\u0623\u0648\u0644 2012. \u0639\u0646 \u062a\u0643\u0627\u0645\u0644 \u0646\u0647\u0627\u064a\u0629 2016 (\u0627\u0644\u0627\u0633\u062a\u0643\u0634\u0627\u0641) Pr\u00e9paration du sol Forage au marteau et au diamant Pr\u00e9l\u00e8vement et analyse d&#8217;\u00e9chantillons D\u00e9termination de la carte d&#8217;inventaire, quantit\u00e9 [&hellip;]<\/p>\n","protected":false},"author":1,"featured_media":0,"parent":0,"menu_order":0,"comment_status":"closed","ping_status":"closed","template":"","meta":{"om_disable_all_campaigns":false,"footnotes":""},"class_list":["post-6538","page","type-page","status-publish","hentry"],"jetpack_sharing_enabled":true,"_links":{"self":[{"href":"https:\/\/www.takamul.mr\/fr\/wp-json\/wp\/v2\/pages\/6538","targetHints":{"allow":["GET"]}}],"collection":[{"href":"https:\/\/www.takamul.mr\/fr\/wp-json\/wp\/v2\/pages"}],"about":[{"href":"https:\/\/www.takamul.mr\/fr\/wp-json\/wp\/v2\/types\/page"}],"author":[{"embeddable":true,"href":"https:\/\/www.takamul.mr\/fr\/wp-json\/wp\/v2\/users\/1"}],"replies":[{"embeddable":true,"href":"https:\/\/www.takamul.mr\/fr\/wp-json\/wp\/v2\/comments?post=6538"}],"version-history":[{"count":39,"href":"https:\/\/www.takamul.mr\/fr\/wp-json\/wp\/v2\/pages\/6538\/revisions"}],"predecessor-version":[{"id":9027,"href":"https:\/\/www.takamul.mr\/fr\/wp-json\/wp\/v2\/pages\/6538\/revisions\/9027"}],"wp:attachment":[{"href":"https:\/\/www.takamul.mr\/fr\/wp-json\/wp\/v2\/media?parent=6538"}],"curies":[{"name":"wp","href":"https:\/\/api.w.org\/{rel}","templated":true}]}}